{"id":13990,"date":"2025-05-15T18:36:15","date_gmt":"2025-05-15T18:36:15","guid":{"rendered":"https:\/\/navajowhite-cat-613300.hostingersite.com\/vistas-espetaculares-3-quartos\/"},"modified":"2025-08-07T14:55:56","modified_gmt":"2025-08-07T14:55:56","slug":"vistas-espetaculares-3-quartos","status":"publish","type":"product","link":"https:\/\/www.rentaplazacarso.com\/pt-br\/product\/vistas-espetaculares-3-quartos\/","title":{"rendered":"VISTAS ESPETACULARES: 3 QUARTOS"},"content":{"rendered":"<p>INCR\u00cdVEL APARTAMENTO DE 240 M2, 3 QUARTOS CADA UM COM BANHEIRO COMPLETO E PISO DE MADEIRA. BANHEIRO DE H\u00d3SPEDES. SALA DE ESTAR E JANTAR ESPA\u00c7OSA. SALA DE FAM\u00cdLIA. VISTAS ESPETACULARES. COZINHA ABERTA E AGRAD\u00c1VEL. \u00c1REA DE LAVANDERIA. BELAS VISTAS PARA O MUSEU SOUMAYA. JANELAS ENORMES QUE D\u00c3O MUITA LUZ. TETOS DE 3 METROS. 3 VAGAS DE ESTACIONAMENTO PARALELAS. ACESSO DIRETO AO SHOPPING. CONJUNTO COMPLETO DE COMODIDADES. ESTACIONAMENTO PARA VISITANTES. VIGIL\u00c2NCIA 24 HORAS.              <\/p>\n","protected":false},"excerpt":{"rendered":"<p>INCR\u00cdVEL APARTAMENTO DE 240 M2, 3 QUARTOS CADA UM COM BANHEIRO COMPLETO E PISO DE MADEIRA. BANHEIRO DE H\u00d3SPEDES. SALA DE ESTAR E JANTAR ESPA\u00c7OSA. SALA DE FAM\u00cdLIA. VISTAS ESPETACULARES. COZINHA ABERTA E AGRAD\u00c1VEL. \u00c1REA DE LAVANDERIA. BELAS VISTAS PARA O MUSEU SOUMAYA. JANELAS ENORMES QUE D\u00c3O MUITA LUZ. TETOS DE 3 METROS. 3 VAGAS [&hellip;]<\/p>\n","protected":false},"featured_media":11778,"comment_status":"open","ping_status":"closed","template":"","meta":{"_joinchat":[]},"product_brand":[],"product_cat":[378,377,729],"product_tag":[668],"class_list":{"0":"post-13990","1":"product","2":"type-product","3":"status-publish","4":"has-post-thumbnail","6":"product_cat-aluguel","7":"product_cat-departamentos","8":"product_cat-rodin-pt-br","9":"product_tag-aluguel","11":"first","12":"instock","13":"shipping-taxable","14":"purchasable","15":"product-type-simple"},"_links":{"self":[{"href":"https:\/\/www.rentaplazacarso.com\/pt-br\/wp-json\/wp\/v2\/product\/13990","targetHints":{"allow":["GET"]}}],"collection":[{"href":"https:\/\/www.rentaplazacarso.com\/pt-br\/wp-json\/wp\/v2\/product"}],"about":[{"href":"https:\/\/www.rentaplazacarso.com\/pt-br\/wp-json\/wp\/v2\/types\/product"}],"replies":[{"embeddable":true,"href":"https:\/\/www.rentaplazacarso.com\/pt-br\/wp-json\/wp\/v2\/comments?post=13990"}],"wp:featuredmedia":[{"embeddable":true,"href":"https:\/\/www.rentaplazacarso.com\/pt-br\/wp-json\/wp\/v2\/media\/11778"}],"wp:attachment":[{"href":"https:\/\/www.rentaplazacarso.com\/pt-br\/wp-json\/wp\/v2\/media?parent=13990"}],"wp:term":[{"taxonomy":"product_brand","embeddable":true,"href":"https:\/\/www.rentaplazacarso.com\/pt-br\/wp-json\/wp\/v2\/product_brand?post=13990"},{"taxonomy":"product_cat","embeddable":true,"href":"https:\/\/www.rentaplazacarso.com\/pt-br\/wp-json\/wp\/v2\/product_cat?post=13990"},{"taxonomy":"product_tag","embeddable":true,"href":"https:\/\/www.rentaplazacarso.com\/pt-br\/wp-json\/wp\/v2\/product_tag?post=13990"}],"curies":[{"name":"wp","href":"https:\/\/api.w.org\/{rel}","templated":true}]}}