{"id":13463,"date":"2025-05-15T18:55:56","date_gmt":"2025-05-15T18:55:56","guid":{"rendered":"https:\/\/navajowhite-cat-613300.hostingersite.com\/muito-espacoso-e-completo-3-quartos\/"},"modified":"2025-06-30T23:16:08","modified_gmt":"2025-06-30T23:16:08","slug":"muito-espacoso-e-completo-3-quartos","status":"publish","type":"product","link":"https:\/\/www.rentaplazacarso.com\/pt-br\/product\/muito-espacoso-e-completo-3-quartos\/","title":{"rendered":"MUITO ESPA\u00c7OSO E COMPLETO: 3 QUARTOS"},"content":{"rendered":"<p>INCR\u00cdVEL APARTAMENTO DE 220 M2, 3 QUARTOS CADA UM COM BANHEIRO COMPLETO. BANHEIRO DE H\u00d3SPEDES. SALA DE ESTAR E JANTAR ESPA\u00c7OSA. PISO DE MADEIRA. AR CONDICIONADO. COZINHA COM M\u00c1QUINA DE LAVAR LOU\u00c7A. \u00c1REA DE LAVANDERIA. PERSIANAS EL\u00c9TRICAS. JANELAS ENORMES QUE PROPORCIONAM MUITA LUZ. TETOS DE 3 METROS. 3 VAGAS DE ESTACIONAMENTO. ACESSO DIRETO AO SHOPPING CENTER. CONJUNTO COMPLETO DE COMODIDADES. ESTACIONAMENTO PARA VISITANTES. VIGIL\u00c2NCIA 24 HORAS. TORRE MUITO BEM LOCALIZADA, COM TODOS OS SERVI\u00c7OS AO REDOR.<\/p>\n","protected":false},"excerpt":{"rendered":"<p>INCR\u00cdVEL APARTAMENTO DE 220 M2, 3 QUARTOS CADA UM COM BANHEIRO COMPLETO. BANHEIRO DE H\u00d3SPEDES. SALA DE ESTAR E JANTAR ESPA\u00c7OSA. PISO DE MADEIRA. AR CONDICIONADO. COZINHA COM M\u00c1QUINA DE LAVAR LOU\u00c7A. \u00c1REA DE LAVANDERIA. PERSIANAS EL\u00c9TRICAS. JANELAS ENORMES QUE PROPORCIONAM MUITA LUZ. TETOS DE 3 METROS. 3 VAGAS DE ESTACIONAMENTO. ACESSO DIRETO AO SHOPPING [&hellip;]<\/p>\n","protected":false},"featured_media":11933,"comment_status":"open","ping_status":"closed","template":"","meta":{"_joinchat":[]},"product_brand":[],"product_cat":[378,377,695],"product_tag":[668],"class_list":{"0":"post-13463","1":"product","2":"type-product","3":"status-publish","4":"has-post-thumbnail","6":"product_cat-aluguel","7":"product_cat-departamentos","8":"product_cat-monet-pt-br","9":"product_tag-aluguel","11":"first","12":"instock","13":"shipping-taxable","14":"purchasable","15":"product-type-simple"},"_links":{"self":[{"href":"https:\/\/www.rentaplazacarso.com\/pt-br\/wp-json\/wp\/v2\/product\/13463","targetHints":{"allow":["GET"]}}],"collection":[{"href":"https:\/\/www.rentaplazacarso.com\/pt-br\/wp-json\/wp\/v2\/product"}],"about":[{"href":"https:\/\/www.rentaplazacarso.com\/pt-br\/wp-json\/wp\/v2\/types\/product"}],"replies":[{"embeddable":true,"href":"https:\/\/www.rentaplazacarso.com\/pt-br\/wp-json\/wp\/v2\/comments?post=13463"}],"wp:featuredmedia":[{"embeddable":true,"href":"https:\/\/www.rentaplazacarso.com\/pt-br\/wp-json\/wp\/v2\/media\/11933"}],"wp:attachment":[{"href":"https:\/\/www.rentaplazacarso.com\/pt-br\/wp-json\/wp\/v2\/media?parent=13463"}],"wp:term":[{"taxonomy":"product_brand","embeddable":true,"href":"https:\/\/www.rentaplazacarso.com\/pt-br\/wp-json\/wp\/v2\/product_brand?post=13463"},{"taxonomy":"product_cat","embeddable":true,"href":"https:\/\/www.rentaplazacarso.com\/pt-br\/wp-json\/wp\/v2\/product_cat?post=13463"},{"taxonomy":"product_tag","embeddable":true,"href":"https:\/\/www.rentaplazacarso.com\/pt-br\/wp-json\/wp\/v2\/product_tag?post=13463"}],"curies":[{"name":"wp","href":"https:\/\/api.w.org\/{rel}","templated":true}]}}