{"id":13446,"date":"2025-05-15T00:01:51","date_gmt":"2025-05-15T00:01:51","guid":{"rendered":"https:\/\/navajowhite-cat-613300.hostingersite.com\/escritorios-mobiliados-incriveis\/"},"modified":"2025-08-07T14:30:53","modified_gmt":"2025-08-07T14:30:53","slug":"escritorios-mobiliados-incriveis","status":"publish","type":"product","link":"https:\/\/www.rentaplazacarso.com\/pt-br\/product\/escritorios-mobiliados-incriveis\/","title":{"rendered":"ESCRIT\u00d3RIOS MOBILIADOS INCR\u00cdVEIS"},"content":{"rendered":"<p>DESCUBRA A ELEG\u00c2NCIA E A FUNCIONALIDADE NA PLAZA CARSO<br \/>\nLOCALIZA\u00c7\u00c3O EXCLUSIVA: ESCRIT\u00d3RIOS COM ACABAMENTOS SUPERLUXUOSOS EM UMA DAS \u00c1REAS MAIS PRIVILEGIADAS DA CIDADE DO M\u00c9XICO. COM UMA \u00c1REA DE 972 M2 DE TERRENO: 175,26 M2 DE \u00c1REA COMUM, 682,67 M2 CONSTRU\u00cdDOS E 114,07 M2 EM OBRA CINZA. EQUIPADO COM AR CONDICIONADO.  <\/p>\n<p>ESPA\u00c7OS IDEAIS:<br \/>\n- RECEP\u00c7\u00c3O: BOAS-VINDAS MARCANTES.<br \/>\n- SALA DE REUNI\u00d5ES ENORME: IDEAL PARA GRANDES REUNI\u00d5ES.<br \/>\n- ESCRIT\u00d3RIO DO DIRETOR: COM BANHEIRO PRIVATIVO E VISTAS ESPETACULARES.<br \/>\n- SALA DE REUNI\u00d5ES PEQUENA: PERFEITA PARA REUNI\u00d5ES \u00cdNTIMAS.<br \/>\n- 8 ESCRIT\u00d3RIOS PRIVATIVOS: ESPA\u00c7O PARA TRABALHO CONCENTRADO.<br \/>\n- \u00c1REA DE ARMAZENAMENTO: PARA ARTIGOS DE PAPELARIA E ARQUIVO.<br \/>\n- ESCRIT\u00d3RIO NO LOCAL: COM TODOS OS REQUISITOS T\u00c9CNICOS.<br \/>\n- \u00c1REA COMUM GRANDE: PARA V\u00c1RIAS ESTA\u00c7\u00d5ES DE TRABALHO.<\/p>\n<p>ADAPTABILIDADE E ESTILO:<br \/>\n- PR\u00c9DIO CINZA: PROJETE E ADAPTE DE ACORDO COM AS NECESSIDADES DE SUA EMPRESA.<br \/>\n- AMPLO ESTACIONAMENTO: 32 VAGAS<\/p>\n<p>SEGURAN\u00c7A ABRANGENTE:<br \/>\n- RECEP\u00c7\u00c3O 24 HORAS POR DIA, 7 DIAS POR SEMANA: SERVI\u00c7O CONT\u00cdNUO.<br \/>\n- CONTROLE DE ACESSO: POR CART\u00c3O OU REGISTRO BIOM\u00c9TRICO.<br \/>\n- VIGIL\u00c2NCIA CONT\u00cdNUA: TRANQUILIDADE GARANTIDA.<\/p>\n","protected":false},"excerpt":{"rendered":"<p>DESCUBRA A ELEG\u00c2NCIA E A FUNCIONALIDADE NA PLAZA CARSO LOCALIZA\u00c7\u00c3O EXCLUSIVA: ESCRIT\u00d3RIOS COM ACABAMENTOS SUPERLUXUOSOS EM UMA DAS \u00c1REAS MAIS PRIVILEGIADAS DA CIDADE DO M\u00c9XICO. COM UMA \u00c1REA DE 972 M2 DE TERRENO: 175,26 M2 DE \u00c1REA COMUM, 682,67 M2 CONSTRU\u00cdDOS E 114,07 M2 EM OBRA CINZA. EQUIPADO COM AR CONDICIONADO. ESPA\u00c7OS IDEAIS: - RECEP\u00c7\u00c3O: [&hellip;]<\/p>\n","protected":false},"featured_media":10352,"comment_status":"open","ping_status":"closed","template":"","meta":{"_joinchat":[]},"product_brand":[],"product_cat":[377,391],"product_tag":[691],"class_list":{"0":"post-13446","1":"product","2":"type-product","3":"status-publish","4":"has-post-thumbnail","6":"product_cat-departamentos","7":"product_cat-venda","8":"product_tag-venda","10":"first","11":"instock","12":"featured","13":"shipping-taxable","14":"purchasable","15":"product-type-simple"},"_links":{"self":[{"href":"https:\/\/www.rentaplazacarso.com\/pt-br\/wp-json\/wp\/v2\/product\/13446","targetHints":{"allow":["GET"]}}],"collection":[{"href":"https:\/\/www.rentaplazacarso.com\/pt-br\/wp-json\/wp\/v2\/product"}],"about":[{"href":"https:\/\/www.rentaplazacarso.com\/pt-br\/wp-json\/wp\/v2\/types\/product"}],"replies":[{"embeddable":true,"href":"https:\/\/www.rentaplazacarso.com\/pt-br\/wp-json\/wp\/v2\/comments?post=13446"}],"wp:featuredmedia":[{"embeddable":true,"href":"https:\/\/www.rentaplazacarso.com\/pt-br\/wp-json\/wp\/v2\/media\/10352"}],"wp:attachment":[{"href":"https:\/\/www.rentaplazacarso.com\/pt-br\/wp-json\/wp\/v2\/media?parent=13446"}],"wp:term":[{"taxonomy":"product_brand","embeddable":true,"href":"https:\/\/www.rentaplazacarso.com\/pt-br\/wp-json\/wp\/v2\/product_brand?post=13446"},{"taxonomy":"product_cat","embeddable":true,"href":"https:\/\/www.rentaplazacarso.com\/pt-br\/wp-json\/wp\/v2\/product_cat?post=13446"},{"taxonomy":"product_tag","embeddable":true,"href":"https:\/\/www.rentaplazacarso.com\/pt-br\/wp-json\/wp\/v2\/product_tag?post=13446"}],"curies":[{"name":"wp","href":"https:\/\/api.w.org\/{rel}","templated":true}]}}