{"id":13408,"date":"2025-05-15T17:55:41","date_gmt":"2025-05-15T17:55:41","guid":{"rendered":"https:\/\/navajowhite-cat-613300.hostingersite.com\/mobiliado-com-2-quartos-e-sala-de-estar\/"},"modified":"2025-08-07T14:58:40","modified_gmt":"2025-08-07T14:58:40","slug":"mobiliado-com-2-quartos-e-sala-de-estar","status":"publish","type":"product","link":"https:\/\/www.rentaplazacarso.com\/pt-br\/product\/mobiliado-com-2-quartos-e-sala-de-estar\/","title":{"rendered":"MOBILIADO COM 2 QUARTOS E SALA DE ESTAR"},"content":{"rendered":"<p>APARTAMENTO TOTALMENTE MOBILIADO E EQUIPADO EM PERFEITAS CONDI\u00c7\u00d5ES. 118 M2. 2 QUARTOS, CADA UM COM BANHEIRO COMPLETO E AMPLO CLOSET. PERSIANAS EL\u00c9TRICAS. QUARTO FAMILIAR COM BANHEIRO COMPLETO. COZINHA ABERTA AGRAD\u00c1VEL. \u00c1REA DE LAVAGEM. ACABAMENTOS DE ALTA QUALIDADE. 2 VAGAS DE GARAGEM. ACESSO DIRETO AO SHOPPING CENTER. CONJUNTO COMPLETO DE COMODIDADES. VIGIL\u00c2NCIA 24 HORAS. ESTACIONAMENTO PARA VISITANTES. MANUTEN\u00c7\u00c3O INCLU\u00cdDA NO ALUGUEL. PER\u00cdODO M\u00cdNIMO DE ALUGUEL DE UM ANO.              <\/p>\n","protected":false},"excerpt":{"rendered":"<p>APARTAMENTO TOTALMENTE MOBILIADO E EQUIPADO EM PERFEITAS CONDI\u00c7\u00d5ES. 118 M2. 2 QUARTOS, CADA UM COM BANHEIRO COMPLETO E AMPLO CLOSET. PERSIANAS EL\u00c9TRICAS. QUARTO FAMILIAR COM BANHEIRO COMPLETO. COZINHA ABERTA AGRAD\u00c1VEL. \u00c1REA DE LAVAGEM. ACABAMENTOS DE ALTA QUALIDADE. 2 VAGAS DE GARAGEM. ACESSO DIRETO AO SHOPPING CENTER. CONJUNTO COMPLETO DE COMODIDADES. VIGIL\u00c2NCIA 24 HORAS. ESTACIONAMENTO PARA [&hellip;]<\/p>\n","protected":false},"featured_media":11468,"comment_status":"open","ping_status":"closed","template":"","meta":{"_joinchat":[]},"product_brand":[],"product_cat":[378,379,377],"product_tag":[668],"class_list":{"0":"post-13408","1":"product","2":"type-product","3":"status-publish","4":"has-post-thumbnail","6":"product_cat-aluguel","7":"product_cat-claudel-pt-br","8":"product_cat-departamentos","9":"product_tag-aluguel","11":"first","12":"instock","13":"shipping-taxable","14":"purchasable","15":"product-type-simple"},"_links":{"self":[{"href":"https:\/\/www.rentaplazacarso.com\/pt-br\/wp-json\/wp\/v2\/product\/13408","targetHints":{"allow":["GET"]}}],"collection":[{"href":"https:\/\/www.rentaplazacarso.com\/pt-br\/wp-json\/wp\/v2\/product"}],"about":[{"href":"https:\/\/www.rentaplazacarso.com\/pt-br\/wp-json\/wp\/v2\/types\/product"}],"replies":[{"embeddable":true,"href":"https:\/\/www.rentaplazacarso.com\/pt-br\/wp-json\/wp\/v2\/comments?post=13408"}],"wp:featuredmedia":[{"embeddable":true,"href":"https:\/\/www.rentaplazacarso.com\/pt-br\/wp-json\/wp\/v2\/media\/11468"}],"wp:attachment":[{"href":"https:\/\/www.rentaplazacarso.com\/pt-br\/wp-json\/wp\/v2\/media?parent=13408"}],"wp:term":[{"taxonomy":"product_brand","embeddable":true,"href":"https:\/\/www.rentaplazacarso.com\/pt-br\/wp-json\/wp\/v2\/product_brand?post=13408"},{"taxonomy":"product_cat","embeddable":true,"href":"https:\/\/www.rentaplazacarso.com\/pt-br\/wp-json\/wp\/v2\/product_cat?post=13408"},{"taxonomy":"product_tag","embeddable":true,"href":"https:\/\/www.rentaplazacarso.com\/pt-br\/wp-json\/wp\/v2\/product_tag?post=13408"}],"curies":[{"name":"wp","href":"https:\/\/api.w.org\/{rel}","templated":true}]}}