{"id":13402,"date":"2025-05-23T18:48:00","date_gmt":"2025-05-23T18:48:00","guid":{"rendered":"https:\/\/navajowhite-cat-613300.hostingersite.com\/3-quartos-mobiliados-e-muito-bem-decorados\/"},"modified":"2026-01-21T18:01:24","modified_gmt":"2026-01-21T18:01:24","slug":"3-quartos-mobiliados-e-muito-bem-decorados","status":"publish","type":"product","link":"https:\/\/www.rentaplazacarso.com\/pt-br\/product\/3-quartos-mobiliados-e-muito-bem-decorados\/","title":{"rendered":"3 QUARTOS MOBILIADOS E MUITO BEM DECORADOS"},"content":{"rendered":"<p>APARTAMENTO DE ESQUINA DE 120 M2 TOTALMENTE MOBILIADO E EQUIPADO. MUITO BEM DECORADO. 3 QUARTOS: QUARTO PRINCIPAL COM CLOSET E BANHEIRO COMPLETO. OS OUTROS 2 QUARTOS COMPARTILHAM O BANHEIRO. GUARDA-ROUPAS ESPA\u00c7OSOS. BANHEIRO DE H\u00d3SPEDES. COZINHA ABERTA E AGRAD\u00c1VEL. \u00c1REA DE LAVANDERIA. C\u00d4MODOS MUITO ESPA\u00c7OSOS. TETOS DE 3 METROS QUE D\u00c3O MUITA LUZ E AMPLITUDE. PISO DE MADEIRA. PERSIANAS EL\u00c9TRICAS. 2 VAGAS DE GARAGEM. ACESSO DIRETO AO CENTRO COMERCIAL. CONJUNTO COMPLETO DE COMODIDADES. VIGIL\u00c2NCIA 24 HORAS. ESTACIONAMENTO PARA VISITANTES. MUITO IMPORTANTE: SERVI\u00c7OS E MANUTEN\u00c7\u00c3O INCLU\u00cdDOS NO ALUGUEL. SOMENTE PARA ALUGUEL DE LONGA DURA\u00c7\u00c3O.                  <\/p>\n","protected":false},"excerpt":{"rendered":"<p>APARTAMENTO DE ESQUINA DE 120 M2 TOTALMENTE MOBILIADO E EQUIPADO. MUITO BEM DECORADO. 3 QUARTOS: QUARTO PRINCIPAL COM CLOSET E BANHEIRO COMPLETO. OS OUTROS 2 QUARTOS COMPARTILHAM O BANHEIRO. GUARDA-ROUPAS ESPA\u00c7OSOS. BANHEIRO DE H\u00d3SPEDES. COZINHA ABERTA E AGRAD\u00c1VEL. \u00c1REA DE LAVANDERIA. C\u00d4MODOS MUITO ESPA\u00c7OSOS. TETOS DE 3 METROS QUE D\u00c3O MUITA LUZ E AMPLITUDE. PISO [&hellip;]<\/p>\n","protected":false},"featured_media":12593,"comment_status":"open","ping_status":"closed","template":"","meta":{"_joinchat":[]},"product_brand":[],"product_cat":[378,667,377],"product_tag":[668],"class_list":{"0":"post-13402","1":"product","2":"type-product","3":"status-publish","4":"has-post-thumbnail","6":"product_cat-aluguel","7":"product_cat-dali-pt-br","8":"product_cat-departamentos","9":"product_tag-aluguel","10":"pa_recamara-26","12":"first","13":"instock","14":"shipping-taxable","15":"purchasable","16":"product-type-simple"},"_links":{"self":[{"href":"https:\/\/www.rentaplazacarso.com\/pt-br\/wp-json\/wp\/v2\/product\/13402","targetHints":{"allow":["GET"]}}],"collection":[{"href":"https:\/\/www.rentaplazacarso.com\/pt-br\/wp-json\/wp\/v2\/product"}],"about":[{"href":"https:\/\/www.rentaplazacarso.com\/pt-br\/wp-json\/wp\/v2\/types\/product"}],"replies":[{"embeddable":true,"href":"https:\/\/www.rentaplazacarso.com\/pt-br\/wp-json\/wp\/v2\/comments?post=13402"}],"wp:featuredmedia":[{"embeddable":true,"href":"https:\/\/www.rentaplazacarso.com\/pt-br\/wp-json\/wp\/v2\/media\/12593"}],"wp:attachment":[{"href":"https:\/\/www.rentaplazacarso.com\/pt-br\/wp-json\/wp\/v2\/media?parent=13402"}],"wp:term":[{"taxonomy":"product_brand","embeddable":true,"href":"https:\/\/www.rentaplazacarso.com\/pt-br\/wp-json\/wp\/v2\/product_brand?post=13402"},{"taxonomy":"product_cat","embeddable":true,"href":"https:\/\/www.rentaplazacarso.com\/pt-br\/wp-json\/wp\/v2\/product_cat?post=13402"},{"taxonomy":"product_tag","embeddable":true,"href":"https:\/\/www.rentaplazacarso.com\/pt-br\/wp-json\/wp\/v2\/product_tag?post=13402"}],"curies":[{"name":"wp","href":"https:\/\/api.w.org\/{rel}","templated":true}]}}